{"id":518,"date":"2025-05-19T14:38:31","date_gmt":"2025-05-19T12:38:31","guid":{"rendered":"https:\/\/www.harasdemai.fr\/?page_id=518"},"modified":"2026-01-01T19:33:42","modified_gmt":"2026-01-01T18:33:42","slug":"ecurie-de-proprietaires-a-bordeaux","status":"publish","type":"page","link":"https:\/\/www.harasdemai.fr\/index.php\/ecurie-de-proprietaires-a-bordeaux\/","title":{"rendered":"Ecurie de Propri\u00e9taires \u00e0 Bordeaux"},"content":{"rendered":"\n<hr class=\"wp-block-separator has-css-opacity\"\/>\n\n\n\n<div class=\"wp-block-cover alignfull\" style=\"min-height:300px;aspect-ratio:unset;\"><span aria-hidden=\"true\" class=\"wp-block-cover__background has-nv-site-bg-background-color has-background-dim-100 has-background-dim\"><\/span><div class=\"wp-block-cover__inner-container is-layout-flow wp-block-cover-is-layout-flow\">\n<div class=\"wp-block-group\"><div class=\"wp-block-group__inner-container is-layout-flow wp-block-group-is-layout-flow\">\n<h3 class=\"wp-block-heading has-text-align-left has-neve-link-hover-color-color has-text-color\">ECURIE DE PROPRIETAIRES<\/h3>\n\n\n\n<h4 class=\"wp-block-heading has-text-align-left has-neve-link-hover-color-color has-text-color\"><strong>TOUTES NOS PENSIONS SONT DESORMAIS <strong>UNIQUEMENT<\/strong><\/strong> <strong>DES PENSIONS EN PRE INDIVIDUEL OU EN GROUPE.<\/strong> <\/h4>\n\n\n\n<p class=\"has-neve-text-color-color has-text-color\">Nos formules de pension sont particuli\u00e8rement \u00e9tudi\u00e9es afin de favoriser le confort et le bon d\u00e9veloppement mental et physique du cheval. Le Haras de Mai peut actuellement accueillir une quarantaine de chevaux r\u00e9partis dans des pensions pr\u00e9s situ\u00e9es dans le Haras de Mai et au lieu dit \u00ab\u00a0Le Capin\u00a0\u00bb <strong>*.<\/strong><\/p>\n\n\n\n<p class=\"has-neve-text-color-color has-text-color has-link-color wp-elements-cfe323f3fb292accad580ca42f8a8f1a\">Tous les chevaux (en groupe ou en individuel) sont surveill\u00e9s et nourris 2 fois par jour par notre \u00e9quipe. Les pr\u00e9s b\u00e9n\u00e9ficient d&rsquo;entr\u00e9e ainsi que d&rsquo;une d&rsquo;aire de repos stabilis\u00e9es avec un r\u00e2telier avec foin \u00e0 volont\u00e9 sous filet, d&rsquo;un abri, d&rsquo;abreuvoir automatique antigel. Le tout, cl\u00f4tur\u00e9 par des rubans ou cordes \u00e9lectriques.<\/p>\n\n\n\n<p class=\"has-neve-text-color-color has-text-color\">Concernant l&rsquo;alimentation, votre cheval b\u00e9n\u00e9ficie en plus de l&rsquo;herbe des pr\u00e9s et paddocks, de foin de qualit\u00e9 sourc\u00e9 localement et de compl\u00e9ments floconn\u00e9s <a href=\"https:\/\/goldenhorse.fr\/golden-horse\/notre-philosophie\/\" target=\"_blank\" rel=\"noreferrer noopener\">Golden Horse Perform One<\/a> (formul\u00e9 sans conservateur et issu d&rsquo;aliments fabriqu\u00e9s en France). Pour les chevaux sensibles aux maladies respiratoires, un traitement du foin avec le <a href=\"https:\/\/haygain.fr\/pages\/haygain-purificateurs-de-foin\" target=\"_blank\" rel=\"noreferrer noopener\">purificateur Haygain<\/a> est possible sur demande. Le suivi et la gestion des vaccins et vermifuges sont compris dans toutes les pensions (prise de rendez-vous v\u00e9t\u00e9rinaire, administration, commande de produits\u2026).<\/p>\n\n\n\n<p class=\"has-neve-text-color-color has-text-color has-link-color wp-elements-8c2e68e5e87612144d7dea6453a0e114\">Les chevaux n\u00e9cessitant des soins sp\u00e9cifiques peuvent b\u00e9n\u00e9ficier de boxes sur de courtes p\u00e9riodes. Les boxes de 4 x 3,5 m sont couverts de dalles caoutchouc avec une liti\u00e8re copeaux et sont ouverts des mini-paddocks individuels en sable de 24 m\u00b2 \u00e0 l\u2019arri\u00e8re de chacun.<\/p>\n\n\n\n<p class=\"has-neve-text-color-color has-text-color\">Les formules de pensions peuvent inclure des cours collectifs hebdomadaires dits \u00ab\u00a0Premium\u00a0\u00bb <em>(Forfait mensuel disponible pour 40 cours \/ an)<\/em>. Ces cours Premium sont dispens\u00e9s \u00e0 un maximum de 3 cavaliers afin d\u2019apporter \u00e0 chaque cavalier une attention et un enseignement sp\u00e9cifique.<\/p>\n\n\n\n<p class=\"has-neve-text-color-color has-text-color\">Les propri\u00e9taires optant pour le forfait cours peuvent convertir leur cours premium en cours particulier ou en travail individuel du cheval sur demande. Nos \u00e9quipes peuvent \u00e9galement longer votre cheval et lui apporter des soins sp\u00e9cifiques de mani\u00e8re r\u00e9guli\u00e8re ou ponctuelle selon vos envies. Pour plus de confort et praticit\u00e9, nous proposons aussi le nettoyage de votre mat\u00e9riel directement sur place (couvertures, tapis, masques anti-mouches, van &#8230;).<\/p>\n\n\n\n<p class=\"has-neve-link-hover-color-color has-text-color has-link-color wp-elements-aa599ebbbc330570cc0174a33a57ac3c\"><strong>LES FORMULES DE PENSION<\/strong><\/p>\n\n\n\n<p class=\"has-neve-text-color-color has-text-color has-link-color wp-elements-39c92f0de6535ae35c2ff5ca07055ee0\"><strong>PENSION PRE INDIVIDUEL AU HARAS <em>400 \u20ac T.T.C. \/ mois<\/em><\/strong><\/p>\n\n\n\n<p class=\"has-neve-text-color-color has-text-color has-link-color wp-elements-54e71553f501d4696701e6d59a4b2e6f\"><strong>PENSION PRE EN GROUPE AU HARAS  <em>360 \u20ac T.T.C. \/ mois<\/em><\/strong><\/p>\n\n\n\n<p class=\"has-neve-text-color-color has-text-color has-link-color wp-elements-ede668974b33f77e63d6301ba6e7e1e7\"><strong>PENSION PRE EN GROUPE AU CAPIN <em>320 \u20ac T.T.C. \/ mois<\/em><\/strong> * <\/p>\n\n\n\n<p class=\"has-neve-text-color-color has-text-color has-link-color wp-elements-a42d4136f3a7b5f6731b56279288c38f\">* <em>Les pensions dites \u00ab\u00a0Au Capin\u00a0\u00bb sont situ\u00e9es dans un bel ensemble de pr\u00e9s \u00e0 300 m\u00e8tres de l&rsquo;entr\u00e9e du Haras soit \u00e0 moins de 5 minutes \u00e0 pied ou \u00e0 cheval et disons \u00e0 30 secondes en voiture en roulant au pas pour la s\u00e9curit\u00e9 de nos \u00e9quid\u00e9s et nos cavaliers.<\/em><\/p>\n\n\n\n<p class=\"has-neve-text-color-color has-text-color has-link-color wp-elements-87835fa701f8974022bbdb27cae6f817\">Plus d&rsquo;informations sont disponibles sur la page <a href=\"https:\/\/www.harasdemai.fr\/index.php\/tarifs\/\" data-type=\"page\" data-id=\"307\">TARIFS<\/a>. <a href=\"https:\/\/www.harasdemai.fr\/index.php\/contact\/\" data-type=\"page\" data-id=\"19\">Contactez-nous<\/a> pour \u00e9changer directement ou prendre RDV pour visiter nos installations et rencontrer notre \u00e9quipe.<\/p>\n<\/div><\/div>\n<\/div><\/div>\n\n\n\n<figure class=\"wp-block-gallery has-nested-images columns-default is-cropped wp-block-gallery-1 is-layout-flex wp-block-gallery-is-layout-flex\">\n<figure class=\"wp-block-image size-large\"><img loading=\"lazy\" decoding=\"async\" width=\"1024\" height=\"682\" data-id=\"420\" src=\"https:\/\/www.harasdemai.fr\/wp-content\/uploads\/2023\/08\/HDM_-Photo-paddock-10-1024x682.jpg\" alt=\"\" class=\"wp-image-420\" srcset=\"https:\/\/www.harasdemai.fr\/wp-content\/uploads\/2023\/08\/HDM_-Photo-paddock-10-1024x682.jpg 1024w, https:\/\/www.harasdemai.fr\/wp-content\/uploads\/2023\/08\/HDM_-Photo-paddock-10-300x200.jpg 300w, https:\/\/www.harasdemai.fr\/wp-content\/uploads\/2023\/08\/HDM_-Photo-paddock-10-768x511.jpg 768w, https:\/\/www.harasdemai.fr\/wp-content\/uploads\/2023\/08\/HDM_-Photo-paddock-10-1536x1022.jpg 1536w, https:\/\/www.harasdemai.fr\/wp-content\/uploads\/2023\/08\/HDM_-Photo-paddock-10-930x620.jpg 930w, https:\/\/www.harasdemai.fr\/wp-content\/uploads\/2023\/08\/HDM_-Photo-paddock-10.jpg 1920w\" sizes=\"auto, (max-width: 1024px) 100vw, 1024px\" \/><\/figure>\n\n\n\n<figure class=\"wp-block-image size-large\"><img loading=\"lazy\" decoding=\"async\" width=\"768\" height=\"1024\" data-id=\"543\" src=\"https:\/\/www.harasdemai.fr\/wp-content\/uploads\/2025\/06\/HDM_Photo-Capin-1-768x1024.jpg\" alt=\"\" class=\"wp-image-543\" srcset=\"https:\/\/www.harasdemai.fr\/wp-content\/uploads\/2025\/06\/HDM_Photo-Capin-1-768x1024.jpg 768w, https:\/\/www.harasdemai.fr\/wp-content\/uploads\/2025\/06\/HDM_Photo-Capin-1-225x300.jpg 225w, https:\/\/www.harasdemai.fr\/wp-content\/uploads\/2025\/06\/HDM_Photo-Capin-1-1152x1536.jpg 1152w, https:\/\/www.harasdemai.fr\/wp-content\/uploads\/2025\/06\/HDM_Photo-Capin-1.jpg 1440w\" sizes=\"auto, (max-width: 768px) 100vw, 768px\" \/><\/figure>\n\n\n\n<figure class=\"wp-block-image size-large\"><img loading=\"lazy\" decoding=\"async\" width=\"682\" height=\"1024\" data-id=\"426\" src=\"https:\/\/www.harasdemai.fr\/wp-content\/uploads\/2023\/08\/HDM_-Pension-box-6-682x1024.jpg\" alt=\"\" class=\"wp-image-426\" srcset=\"https:\/\/www.harasdemai.fr\/wp-content\/uploads\/2023\/08\/HDM_-Pension-box-6-682x1024.jpg 682w, https:\/\/www.harasdemai.fr\/wp-content\/uploads\/2023\/08\/HDM_-Pension-box-6-200x300.jpg 200w, https:\/\/www.harasdemai.fr\/wp-content\/uploads\/2023\/08\/HDM_-Pension-box-6-768x1154.jpg 768w, https:\/\/www.harasdemai.fr\/wp-content\/uploads\/2023\/08\/HDM_-Pension-box-6-1022x1536.jpg 1022w, https:\/\/www.harasdemai.fr\/wp-content\/uploads\/2023\/08\/HDM_-Pension-box-6.jpg 1278w\" sizes=\"auto, (max-width: 682px) 100vw, 682px\" \/><\/figure>\n\n\n\n<figure class=\"wp-block-image size-large\"><img loading=\"lazy\" decoding=\"async\" width=\"1024\" height=\"461\" data-id=\"423\" src=\"https:\/\/www.harasdemai.fr\/wp-content\/uploads\/2023\/08\/HDM_-Photo-Jacadi-et-Hors-Serie-01-1024x461.jpg\" alt=\"\" class=\"wp-image-423\" srcset=\"https:\/\/www.harasdemai.fr\/wp-content\/uploads\/2023\/08\/HDM_-Photo-Jacadi-et-Hors-Serie-01-1024x461.jpg 1024w, https:\/\/www.harasdemai.fr\/wp-content\/uploads\/2023\/08\/HDM_-Photo-Jacadi-et-Hors-Serie-01-300x135.jpg 300w, https:\/\/www.harasdemai.fr\/wp-content\/uploads\/2023\/08\/HDM_-Photo-Jacadi-et-Hors-Serie-01-768x346.jpg 768w, https:\/\/www.harasdemai.fr\/wp-content\/uploads\/2023\/08\/HDM_-Photo-Jacadi-et-Hors-Serie-01.jpg 1422w\" sizes=\"auto, (max-width: 1024px) 100vw, 1024px\" \/><\/figure>\n\n\n\n<figure class=\"wp-block-image size-large\"><img loading=\"lazy\" decoding=\"async\" width=\"1024\" height=\"461\" data-id=\"270\" src=\"https:\/\/www.harasdemai.fr\/wp-content\/uploads\/2022\/07\/HDM_-Photo-paddock-05-1024x461.jpg\" alt=\"\" class=\"wp-image-270\" srcset=\"https:\/\/www.harasdemai.fr\/wp-content\/uploads\/2022\/07\/HDM_-Photo-paddock-05-1024x461.jpg 1024w, https:\/\/www.harasdemai.fr\/wp-content\/uploads\/2022\/07\/HDM_-Photo-paddock-05-300x135.jpg 300w, https:\/\/www.harasdemai.fr\/wp-content\/uploads\/2022\/07\/HDM_-Photo-paddock-05-768x346.jpg 768w, https:\/\/www.harasdemai.fr\/wp-content\/uploads\/2022\/07\/HDM_-Photo-paddock-05.jpg 1422w\" sizes=\"auto, (max-width: 1024px) 100vw, 1024px\" \/><\/figure>\n\n\n\n<figure class=\"wp-block-image size-large\"><img loading=\"lazy\" decoding=\"async\" width=\"1024\" height=\"461\" data-id=\"399\" src=\"https:\/\/www.harasdemai.fr\/wp-content\/uploads\/2023\/08\/HDM_-Photo-paddock-08-1024x461.jpg\" alt=\"\" class=\"wp-image-399\" srcset=\"https:\/\/www.harasdemai.fr\/wp-content\/uploads\/2023\/08\/HDM_-Photo-paddock-08-1024x461.jpg 1024w, https:\/\/www.harasdemai.fr\/wp-content\/uploads\/2023\/08\/HDM_-Photo-paddock-08-300x135.jpg 300w, https:\/\/www.harasdemai.fr\/wp-content\/uploads\/2023\/08\/HDM_-Photo-paddock-08-768x346.jpg 768w, https:\/\/www.harasdemai.fr\/wp-content\/uploads\/2023\/08\/HDM_-Photo-paddock-08-1536x691.jpg 1536w, https:\/\/www.harasdemai.fr\/wp-content\/uploads\/2023\/08\/HDM_-Photo-paddock-08.jpg 1920w\" sizes=\"auto, (max-width: 1024px) 100vw, 1024px\" \/><\/figure>\n\n\n\n<figure class=\"wp-block-image size-large\"><img loading=\"lazy\" decoding=\"async\" width=\"1024\" height=\"768\" data-id=\"432\" src=\"https:\/\/www.harasdemai.fr\/wp-content\/uploads\/2023\/08\/HDM_-Photo-paddock-14-1024x768.jpg\" alt=\"\" class=\"wp-image-432\" srcset=\"https:\/\/www.harasdemai.fr\/wp-content\/uploads\/2023\/08\/HDM_-Photo-paddock-14-1024x768.jpg 1024w, https:\/\/www.harasdemai.fr\/wp-content\/uploads\/2023\/08\/HDM_-Photo-paddock-14-300x225.jpg 300w, https:\/\/www.harasdemai.fr\/wp-content\/uploads\/2023\/08\/HDM_-Photo-paddock-14-768x576.jpg 768w, https:\/\/www.harasdemai.fr\/wp-content\/uploads\/2023\/08\/HDM_-Photo-paddock-14-1536x1152.jpg 1536w, https:\/\/www.harasdemai.fr\/wp-content\/uploads\/2023\/08\/HDM_-Photo-paddock-14.jpg 1920w\" sizes=\"auto, (max-width: 1024px) 100vw, 1024px\" \/><\/figure>\n\n\n\n<figure class=\"wp-block-image size-large\"><img loading=\"lazy\" decoding=\"async\" width=\"1024\" height=\"682\" data-id=\"430\" src=\"https:\/\/www.harasdemai.fr\/wp-content\/uploads\/2023\/08\/HDM_-Photo-paddock-13-1024x682.jpg\" alt=\"\" class=\"wp-image-430\" srcset=\"https:\/\/www.harasdemai.fr\/wp-content\/uploads\/2023\/08\/HDM_-Photo-paddock-13-1024x682.jpg 1024w, https:\/\/www.harasdemai.fr\/wp-content\/uploads\/2023\/08\/HDM_-Photo-paddock-13-300x200.jpg 300w, https:\/\/www.harasdemai.fr\/wp-content\/uploads\/2023\/08\/HDM_-Photo-paddock-13-768x511.jpg 768w, https:\/\/www.harasdemai.fr\/wp-content\/uploads\/2023\/08\/HDM_-Photo-paddock-13-1536x1022.jpg 1536w, https:\/\/www.harasdemai.fr\/wp-content\/uploads\/2023\/08\/HDM_-Photo-paddock-13-930x620.jpg 930w, https:\/\/www.harasdemai.fr\/wp-content\/uploads\/2023\/08\/HDM_-Photo-paddock-13.jpg 1920w\" sizes=\"auto, (max-width: 1024px) 100vw, 1024px\" \/><\/figure>\n\n\n\n<figure class=\"wp-block-image size-large\"><img loading=\"lazy\" decoding=\"async\" width=\"1024\" height=\"768\" data-id=\"541\" src=\"https:\/\/www.harasdemai.fr\/wp-content\/uploads\/2025\/06\/HDM_Photo-Capin-6-1024x768.jpg\" alt=\"\" class=\"wp-image-541\" srcset=\"https:\/\/www.harasdemai.fr\/wp-content\/uploads\/2025\/06\/HDM_Photo-Capin-6-1024x768.jpg 1024w, https:\/\/www.harasdemai.fr\/wp-content\/uploads\/2025\/06\/HDM_Photo-Capin-6-300x225.jpg 300w, https:\/\/www.harasdemai.fr\/wp-content\/uploads\/2025\/06\/HDM_Photo-Capin-6-768x576.jpg 768w, https:\/\/www.harasdemai.fr\/wp-content\/uploads\/2025\/06\/HDM_Photo-Capin-6-1536x1152.jpg 1536w, https:\/\/www.harasdemai.fr\/wp-content\/uploads\/2025\/06\/HDM_Photo-Capin-6.jpg 1920w\" sizes=\"auto, (max-width: 1024px) 100vw, 1024px\" \/><\/figure>\n\n\n\n<figure class=\"wp-block-image size-large\"><img loading=\"lazy\" decoding=\"async\" width=\"768\" height=\"1024\" data-id=\"542\" src=\"https:\/\/www.harasdemai.fr\/wp-content\/uploads\/2025\/06\/HDM_Photo-Capin-3-768x1024.jpg\" alt=\"\" class=\"wp-image-542\" srcset=\"https:\/\/www.harasdemai.fr\/wp-content\/uploads\/2025\/06\/HDM_Photo-Capin-3-768x1024.jpg 768w, https:\/\/www.harasdemai.fr\/wp-content\/uploads\/2025\/06\/HDM_Photo-Capin-3-225x300.jpg 225w, https:\/\/www.harasdemai.fr\/wp-content\/uploads\/2025\/06\/HDM_Photo-Capin-3-1152x1536.jpg 1152w, https:\/\/www.harasdemai.fr\/wp-content\/uploads\/2025\/06\/HDM_Photo-Capin-3.jpg 1440w\" sizes=\"auto, (max-width: 768px) 100vw, 768px\" \/><\/figure>\n\n\n\n<figure class=\"wp-block-image size-large\"><img loading=\"lazy\" decoding=\"async\" width=\"1024\" height=\"768\" data-id=\"131\" src=\"https:\/\/www.harasdemai.fr\/wp-content\/uploads\/2021\/08\/HDM_-Pension-pre-2-1024x768.jpg\" alt=\"\" class=\"wp-image-131\" srcset=\"https:\/\/www.harasdemai.fr\/wp-content\/uploads\/2021\/08\/HDM_-Pension-pre-2-1024x768.jpg 1024w, https:\/\/www.harasdemai.fr\/wp-content\/uploads\/2021\/08\/HDM_-Pension-pre-2-300x225.jpg 300w, https:\/\/www.harasdemai.fr\/wp-content\/uploads\/2021\/08\/HDM_-Pension-pre-2-768x576.jpg 768w, https:\/\/www.harasdemai.fr\/wp-content\/uploads\/2021\/08\/HDM_-Pension-pre-2-1536x1152.jpg 1536w, https:\/\/www.harasdemai.fr\/wp-content\/uploads\/2021\/08\/HDM_-Pension-pre-2.jpg 2016w\" sizes=\"auto, (max-width: 1024px) 100vw, 1024px\" \/><\/figure>\n\n\n\n<figure class=\"wp-block-image size-large\"><img loading=\"lazy\" decoding=\"async\" width=\"768\" height=\"1024\" data-id=\"539\" src=\"https:\/\/www.harasdemai.fr\/wp-content\/uploads\/2025\/06\/HDM_Photo-Capin-8-768x1024.jpg\" alt=\"\" class=\"wp-image-539\" srcset=\"https:\/\/www.harasdemai.fr\/wp-content\/uploads\/2025\/06\/HDM_Photo-Capin-8-768x1024.jpg 768w, https:\/\/www.harasdemai.fr\/wp-content\/uploads\/2025\/06\/HDM_Photo-Capin-8-225x300.jpg 225w, https:\/\/www.harasdemai.fr\/wp-content\/uploads\/2025\/06\/HDM_Photo-Capin-8-1152x1536.jpg 1152w, https:\/\/www.harasdemai.fr\/wp-content\/uploads\/2025\/06\/HDM_Photo-Capin-8.jpg 1200w\" sizes=\"auto, (max-width: 768px) 100vw, 768px\" \/><\/figure>\n\n\n\n<figure class=\"wp-block-image size-large\"><img loading=\"lazy\" decoding=\"async\" width=\"1024\" height=\"536\" data-id=\"434\" src=\"https:\/\/www.harasdemai.fr\/wp-content\/uploads\/2023\/08\/HDM_-Photo-paddock-15-1024x536.jpg\" alt=\"\" class=\"wp-image-434\" srcset=\"https:\/\/www.harasdemai.fr\/wp-content\/uploads\/2023\/08\/HDM_-Photo-paddock-15-1024x536.jpg 1024w, https:\/\/www.harasdemai.fr\/wp-content\/uploads\/2023\/08\/HDM_-Photo-paddock-15-300x157.jpg 300w, https:\/\/www.harasdemai.fr\/wp-content\/uploads\/2023\/08\/HDM_-Photo-paddock-15-768x402.jpg 768w, https:\/\/www.harasdemai.fr\/wp-content\/uploads\/2023\/08\/HDM_-Photo-paddock-15.jpg 1080w\" sizes=\"auto, (max-width: 1024px) 100vw, 1024px\" \/><\/figure>\n<\/figure>\n","protected":false},"excerpt":{"rendered":"","protected":false},"author":2,"featured_media":541,"parent":0,"menu_order":0,"comment_status":"closed","ping_status":"closed","template":"","meta":{"neve_meta_sidebar":"","neve_meta_container":"","neve_meta_enable_content_width":"on","neve_meta_content_width":100,"neve_meta_title_alignment":"","neve_meta_author_avatar":"","neve_post_elements_order":"","neve_meta_disable_header":"off","neve_meta_disable_footer":"","neve_meta_disable_title":"on","footnotes":""},"class_list":["post-518","page","type-page","status-publish","has-post-thumbnail","hentry"],"_links":{"self":[{"href":"https:\/\/www.harasdemai.fr\/index.php\/wp-json\/wp\/v2\/pages\/518","targetHints":{"allow":["GET"]}}],"collection":[{"href":"https:\/\/www.harasdemai.fr\/index.php\/wp-json\/wp\/v2\/pages"}],"about":[{"href":"https:\/\/www.harasdemai.fr\/index.php\/wp-json\/wp\/v2\/types\/page"}],"author":[{"embeddable":true,"href":"https:\/\/www.harasdemai.fr\/index.php\/wp-json\/wp\/v2\/users\/2"}],"replies":[{"embeddable":true,"href":"https:\/\/www.harasdemai.fr\/index.php\/wp-json\/wp\/v2\/comments?post=518"}],"version-history":[{"count":11,"href":"https:\/\/www.harasdemai.fr\/index.php\/wp-json\/wp\/v2\/pages\/518\/revisions"}],"predecessor-version":[{"id":633,"href":"https:\/\/www.harasdemai.fr\/index.php\/wp-json\/wp\/v2\/pages\/518\/revisions\/633"}],"wp:featuredmedia":[{"embeddable":true,"href":"https:\/\/www.harasdemai.fr\/index.php\/wp-json\/wp\/v2\/media\/541"}],"wp:attachment":[{"href":"https:\/\/www.harasdemai.fr\/index.php\/wp-json\/wp\/v2\/media?parent=518"}],"curies":[{"name":"wp","href":"https:\/\/api.w.org\/{rel}","templated":true}]}}