{"id":275,"date":"2022-07-17T10:18:38","date_gmt":"2022-07-17T08:18:38","guid":{"rendered":"https:\/\/www.harasdemai.fr\/?page_id=275"},"modified":"2026-01-01T20:28:50","modified_gmt":"2026-01-01T19:28:50","slug":"foire-aux-questions","status":"publish","type":"page","link":"https:\/\/www.harasdemai.fr\/index.php\/foire-aux-questions\/","title":{"rendered":"Foire aux Questions"},"content":{"rendered":"\n<hr class=\"wp-block-separator has-alpha-channel-opacity\"\/>\n\n\n\n<h3 class=\"wp-block-heading has-neve-link-hover-color-color has-text-color\">FOIRE AUX QUESTIONS<\/h3>\n\n\n\n<p><strong>Tout cavalier doit \u00eatre titulaire d&rsquo;une licence FFE valide au sein du Haras de Mai. <\/strong><\/p>\n\n\n\n<ul class=\"wp-block-list\">\n<li><strong>Je souhaite commencer ou reprendre l&rsquo;\u00e9quitation, puis-je venir chez vous ?<\/strong>\n<ul class=\"wp-block-list\">\n<li>Oui bien s\u00fbr. Nous proposons des cours pour tous les niveaux, que vous soyez d\u00e9butant ou cavalier confirm\u00e9. Vous pourrez apprendre \u00e0 monter \u00e0 cheval gr\u00e2ce \u00e0 nos chevaux d&rsquo;\u00e9cole et tout le mat\u00e9riel du cheval mis \u00e0 votre disposition (selle, filet, brosses, protections \u2026). <\/li>\n<\/ul>\n<\/li>\n\n\n\n<li><strong>Que dois-je apporter pour monter \u00e0 cheval ?<\/strong>\n<ul class=\"wp-block-list\">\n<li>Munissez-vous d&rsquo;une tenue de sport adapt\u00e9e \u00e0 la pratique avec au minimum un pantalon et des bottes. Pour des raisons de s\u00e9curit\u00e9 et d&rsquo;hygi\u00e8ne, nous vous demandons \u00e9galement de venir avec un casque d&rsquo;\u00e9quitation homologu\u00e9.<\/li>\n\n\n\n<li>Si vous ne souhaitez pas investir dans du mat\u00e9riel pour un cours d&rsquo;essai ou si vous avez des questions, parlez-nous en et nous trouverons ensemble une solution. <\/li>\n\n\n\n<li>Tout le mat\u00e9riel du cheval est fourni directement sur place et nous prendrons le temps de vous accompagner pour pr\u00e9parer votre cheval durant vos premiers cours. <\/li>\n<\/ul>\n<\/li>\n\n\n\n<li><strong>Y a-t-il des vestiaires ?<\/strong>\n<ul class=\"wp-block-list\">\n<li>Oui un vestiaire avec une douche est \u00e0 votre disposition dans le Club House. Pensez juste \u00e0 apporter votre serviette et produits de toilette.<\/li>\n<\/ul>\n<\/li>\n<\/ul>\n\n\n\n<ul class=\"wp-block-list\">\n<li><strong>Puis-je faire un cours d&rsquo;essai ?<\/strong>\n<ul class=\"wp-block-list\">\n<li>Oui bien s\u00fbr, un cours d&rsquo;essai est possible pour tout cavalier avec ou sans cheval d&rsquo;\u00e9cole. Un tarif pr\u00e9f\u00e9rentiel est accord\u00e9 pour ce premier cours d&rsquo;essai (voir page <a href=\"https:\/\/www.harasdemai.fr\/index.php\/tarifs\/\" target=\"_blank\" rel=\"noreferrer noopener\">TARIFS<\/a>). Appelez-nous pour r\u00e9server : contact@harasdemai.fr &#8211; portable : 06 75 24 54 95<\/li>\n<\/ul>\n<\/li>\n\n\n\n<li><strong>Quels sont les types de cours propos\u00e9s ?<\/strong>\n<ul class=\"wp-block-list\">\n<li>Tous les types de cours d&rsquo;\u00e9quitation classique, \u00e0 savoir travail sur le plat, dressage, saut d&rsquo;obstacles, Hunter, travail \u00e0 pied (longues r\u00eanes, longe&#8230;). <\/li>\n\n\n\n<li>Des balades \u00e0 cheval sont \u00e9galement possibles, le Haras \u00e9tant directement reli\u00e9 aux chemins dans les vignes et la f\u00f4ret. Elles sont \u00e0 valider selon le niveau, le Haras de Mai n&rsquo;\u00e9tant malheureusement pas \u00e9quip\u00e9 pour proposer des balades \u00e0 un groupe de touristes d\u00e9butants.<\/li>\n\n\n\n<li>Des cours d&rsquo;\u00e9thologie sont propos\u00e9s directement sur place avec nos partenaires sp\u00e9cialis\u00e9s dans la discipline.<\/li>\n\n\n\n<li>D&rsquo;autres animations sont propos\u00e9es tout au long de l&rsquo;ann\u00e9e, telles que des sorties cross, des stages CSO et Hunter, des sorties \u00e0 la plage&#8230; <\/li>\n<\/ul>\n<\/li>\n\n\n\n<li><strong>Comment r\u00e9server un cours ?<\/strong>\n<ul class=\"wp-block-list\">\n<li>Un espace de r\u00e9servation en ligne est disponible pour les propri\u00e9taires et les cavaliers adh\u00e9rents.<\/li>\n\n\n\n<li>Pour un premier \u00e9change, il vous suffit de <a href=\"https:\/\/www.harasdemai.fr\/?pagename=contact\" target=\"_blank\" rel=\"noreferrer noopener\">nous contacter<\/a> afin que nous puissions vous proposer les cr\u00e9neaux les mieux adapt\u00e9s. Nous serons \u00e9galement ravis de vous proposer un RDV pour se rencontrer, vous faire visiter nos installations et vous faire rencontrer nos chevaux si vous le souhaitez.<\/li>\n<\/ul>\n<\/li>\n\n\n\n<li><strong>Comment r\u00e8gle-t-on ?<\/strong>\n<ul class=\"wp-block-list\">\n<li>Principalement par virement bancaire. Nous acceptons aussi les ch\u00e8ques avec pi\u00e8ce d&rsquo;identit\u00e9 et les esp\u00e8ces pour les prestations ponctuelles. Nous n&rsquo;acceptons pas les cartes bancaires et donc encore moins le sans contact, ainsi que les bons vacances ou cadeaux etc.<\/li>\n<\/ul>\n<\/li>\n\n\n\n<li><strong>A quoi correspond l&rsquo;Adh\u00e9sion au Haras de Mai ?<\/strong>\n<ul class=\"wp-block-list\">\n<li>Tout cavalier ou propri\u00e9taire s&rsquo;inscrivant au Haras de Mai doit payer une adh\u00e9sion annuelle (voir page <a href=\"https:\/\/www.harasdemai.fr\/index.php\/tarifs\/\" target=\"_blank\" rel=\"noreferrer noopener\">TARIFS<\/a>). Elle inclut une licence FFE Pratiquant et couvre la p\u00e9riode du 1er septembre au 31 ao\u00fbt de l&rsquo;ann\u00e9e suivante. Une cotisation restreinte peut \u00eatre accord\u00e9e pour les inscriptions en cours d&rsquo;ann\u00e9e sur demande. <\/li>\n<\/ul>\n<\/li>\n\n\n\n<li><strong>Dois-je obligatoirement m&rsquo;inscrire \u00e0 un forfait de cours ?<\/strong>\n<ul class=\"wp-block-list\">\n<li>Non tous les cours et toutes les prestations sont disponibles \u00e0 la carte. La tarification est juste plus int\u00e9ressante au forfait pour le cavalier r\u00e9gulier. <\/li>\n<\/ul>\n<\/li>\n\n\n\n<li><strong>Comment fonctionne les forfaits de cours ?<\/strong>\n<ul class=\"wp-block-list\">\n<li>Les forfaits et cours sont r\u00e9partis par p\u00e9riode, la rentr\u00e9e \u00e9tant cal\u00e9e sur le d\u00e9but d&rsquo;ann\u00e9e scolaire.\n<ul class=\"wp-block-list\">\n<li>La 1\u00e8re p\u00e9riode de septembre \u00e0 d\u00e9cembre inclut 14 cours<\/li>\n\n\n\n<li>La 2nde p\u00e9riode de janvier \u00e0 mars inclut 10 cours<\/li>\n\n\n\n<li>la 3\u00e8me p\u00e9riode d&rsquo;avril \u00e0 juin inclut 12 cours<\/li>\n\n\n\n<li>Et pour les propri\u00e9taires b\u00e9n\u00e9ficiant de 40 cours \/ an, la 4\u00e8me p\u00e9riode de juillet \u00e0 ao\u00fbt inclut 4 cours.<\/li>\n<\/ul>\n<\/li>\n\n\n\n<li>La facturation est mensuelle mais la souscription au forfait engage bien le cavalier sur la totalit\u00e9 de la p\u00e9riode (3 ou 4 mois).<\/li>\n\n\n\n<li>Les inscriptions \u00e9tant possibles toute l&rsquo;ann\u00e9e, les forfaits sont proratis\u00e9s jusqu&rsquo;\u00e0 la fin de la p\u00e9riode concern\u00e9e pour tout cavalier adh\u00e9rant en cours d&rsquo;ann\u00e9e.<\/li>\n\n\n\n<li>Un report de cours par p\u00e9riode est autoris\u00e9. <\/li>\n\n\n\n<li>Toute annulation ou report du cours doit \u00eatre notifi\u00e9 au moins 72h avant le cours pr\u00e9vu.<\/li>\n\n\n\n<li>Toute autre absence ne sera ni d\u00e9duite ni rembours\u00e9e au cavalier.<\/li>\n\n\n\n<li>Les cours et animations propos\u00e9s en dehors ou en sus de ces cours pr\u00e9vus au forfait feront l&rsquo;objet d&rsquo;une facturation s\u00e9par\u00e9e.<\/li>\n<\/ul>\n<\/li>\n\n\n\n<li><strong>Concernant les forfaits de cours, dois-je m&rsquo;inscrire \u00e0 un cr\u00e9neau fixe ?<\/strong>\n<ul class=\"wp-block-list\">\n<li>Les inscriptions au cours sont libres chaque semaine, tout cavalier pouvant r\u00e9server son cours le jour et cr\u00e9neau horaire de son choix. Il est n\u00e9anmoins recommand\u00e9 de r\u00e9server \u00e0 l&rsquo;avance ses cours pour garantir une disponibilit\u00e9 hebdomadaire compatible avec l&#8217;emploi du temps du responsable p\u00e9dagogique et, ou du cheval d&rsquo;\u00e9cole.<\/li>\n<\/ul>\n<\/li>\n\n\n\n<li><strong>Je suis cavalier ext\u00e9rieur, puis-je prendre des cours chez vous ou y mettre mon cheval au travail ?<\/strong>\n<ul class=\"wp-block-list\">\n<li>Vous pouvez bien \u00e9videment venir prendre des cours au Haras de Mai avec Laurent, notre responsable p\u00e9dagogique. En fonction de nos disponibilit\u00e9s, vous pourrez m\u00eame laisser votre cheval en pension (paddock individuel avec abri ou box) sur une p\u00e9riode plus ou moins courte pour prendre des cours intensifs et\/ou faire travailler votre cheval sur cette p\u00e9riode.<\/li>\n<\/ul>\n<\/li>\n\n\n\n<li><strong>Je suis en vacances ou en d\u00e9placement dans la r\u00e9gion, puis-je mettre mon cheval en pension chez vous <strong>quelques jours<\/strong><\/strong><strong>?<\/strong>\n<ul class=\"wp-block-list\">\n<li>Il est possible de r\u00e9server des pensions \u00e0 la carte de quelques jours \u00e0 quelques semaines au Haras de Mai. Pour v\u00e9rifier les disponibilit\u00e9s et discuter des modalit\u00e9s <a href=\"https:\/\/www.harasdemai.fr\/?pagename=contact\" target=\"_blank\" rel=\"noreferrer noopener\">contactez-nous<\/a> : contact@harasdemai.fr &#8211; portable : 06 75 24 54 95<\/li>\n<\/ul>\n<\/li>\n\n\n\n<li><strong>Je suis cavalier \u00e0 l&rsquo;ext\u00e9rieur de votre structure, puis-je venir utiliser vos installations ?<\/strong><ul><li>Oui l&rsquo;acc\u00e8s aux installations du Haras de Mai est possible pour les cavaliers ext\u00e9rieurs qui viennent avec leur propre cheval. Ces acc\u00e8s peuvent \u00eatre ponctuels ou r\u00e9guliers et peuvent inclure la mise \u00e0 disposition d&rsquo;un paddock ou d&rsquo;un boxe.<\/li><\/ul>\n<ul class=\"wp-block-list\">\n<li>Un cheval d&rsquo;\u00e9cole peut \u00e9galement \u00eatre mis \u00e0 disposition si vous n&rsquo;avez pas de cheval et souhaitez faire une monte libre.<\/li>\n\n\n\n<li>Pour discuter des modalit\u00e9s et pour r\u00e9server, <a href=\"https:\/\/www.harasdemai.fr\/?pagename=contact\" target=\"_blank\" rel=\"noreferrer noopener\">contactez-nous<\/a> : contact@harasdemai.fr &#8211; portable : 06 75 24 54 95<\/li>\n<\/ul>\n<\/li>\n\n\n\n<li><strong>Je souhaite privatiser vos installations pour organiser un \u00e9v\u00e8nement, est-ce possible ?<\/strong>\n<ul class=\"wp-block-list\">\n<li>Oui nos installations peuvent \u00eatre privatis\u00e9es pour un \u00e9v\u00e8nement ou m\u00eame un s\u00e9minaire d&rsquo;entreprise. Pour plus de d\u00e9tails, <a href=\"https:\/\/www.harasdemai.fr\/?pagename=contact\" target=\"_blank\" rel=\"noreferrer noopener\">contactez-nous<\/a> :  contact@harasdemai.fr &#8211; portable : 06 75 24 54 95.<\/li>\n<\/ul>\n<\/li>\n<\/ul>\n\n\n\n<p><\/p>\n\n\n\n<hr class=\"wp-block-separator has-alpha-channel-opacity\"\/>\n","protected":false},"excerpt":{"rendered":"<p>FOIRE AUX QUESTIONS Tout cavalier doit \u00eatre titulaire d&rsquo;une licence FFE valide au sein du Haras de Mai.<\/p>\n","protected":false},"author":2,"featured_media":0,"parent":0,"menu_order":0,"comment_status":"closed","ping_status":"closed","template":"","meta":{"neve_meta_sidebar":"full-width","neve_meta_container":"","neve_meta_enable_content_width":"on","neve_meta_content_width":100,"neve_meta_title_alignment":"","neve_meta_author_avatar":"","neve_post_elements_order":"","neve_meta_disable_header":"off","neve_meta_disable_footer":"","neve_meta_disable_title":"on","footnotes":""},"class_list":["post-275","page","type-page","status-publish","hentry"],"_links":{"self":[{"href":"https:\/\/www.harasdemai.fr\/index.php\/wp-json\/wp\/v2\/pages\/275","targetHints":{"allow":["GET"]}}],"collection":[{"href":"https:\/\/www.harasdemai.fr\/index.php\/wp-json\/wp\/v2\/pages"}],"about":[{"href":"https:\/\/www.harasdemai.fr\/index.php\/wp-json\/wp\/v2\/types\/page"}],"author":[{"embeddable":true,"href":"https:\/\/www.harasdemai.fr\/index.php\/wp-json\/wp\/v2\/users\/2"}],"replies":[{"embeddable":true,"href":"https:\/\/www.harasdemai.fr\/index.php\/wp-json\/wp\/v2\/comments?post=275"}],"version-history":[{"count":20,"href":"https:\/\/www.harasdemai.fr\/index.php\/wp-json\/wp\/v2\/pages\/275\/revisions"}],"predecessor-version":[{"id":652,"href":"https:\/\/www.harasdemai.fr\/index.php\/wp-json\/wp\/v2\/pages\/275\/revisions\/652"}],"wp:attachment":[{"href":"https:\/\/www.harasdemai.fr\/index.php\/wp-json\/wp\/v2\/media?parent=275"}],"curies":[{"name":"wp","href":"https:\/\/api.w.org\/{rel}","templated":true}]}}